{"id":565,"date":"2024-11-11T16:29:51","date_gmt":"2024-11-11T16:29:51","guid":{"rendered":"https:\/\/katjayoga-sh.ch\/?page_id=565"},"modified":"2025-10-26T15:55:55","modified_gmt":"2025-10-26T15:55:55","slug":"mein-yogaweg","status":"publish","type":"page","link":"https:\/\/katjayoga-sh.ch\/?page_id=565","title":{"rendered":"Mein Yogaweg"},"content":{"rendered":"\n<h1 class=\"wp-block-heading\">Mein Yogaweg<\/h1>\n\n\n\n<div class=\"wp-block-columns is-layout-flex wp-container-core-columns-is-layout-9d6595d7 wp-block-columns-is-layout-flex\">\n<div class=\"wp-block-column is-layout-flow wp-block-column-is-layout-flow\">\n<figure class=\"wp-block-image size-large\"><img loading=\"lazy\" decoding=\"async\" width=\"1024\" height=\"577\" src=\"https:\/\/katjayoga-sh.ch\/wp-content\/uploads\/2025\/10\/20250806_172545-1-1024x577.jpg\" alt=\"\" class=\"wp-image-710\" srcset=\"https:\/\/katjayoga-sh.ch\/wp-content\/uploads\/2025\/10\/20250806_172545-1-1024x577.jpg 1024w, https:\/\/katjayoga-sh.ch\/wp-content\/uploads\/2025\/10\/20250806_172545-1-300x169.jpg 300w, https:\/\/katjayoga-sh.ch\/wp-content\/uploads\/2025\/10\/20250806_172545-1-768x432.jpg 768w, https:\/\/katjayoga-sh.ch\/wp-content\/uploads\/2025\/10\/20250806_172545-1-1536x865.jpg 1536w, https:\/\/katjayoga-sh.ch\/wp-content\/uploads\/2025\/10\/20250806_172545-1-2048x1153.jpg 2048w\" sizes=\"auto, (max-width: 1024px) 100vw, 1024px\" \/><\/figure>\n<\/div>\n\n\n\n<div class=\"wp-block-column is-layout-flow wp-block-column-is-layout-flow\">\n<p style=\"font-size:20px\">Ich bin Katja und ich praktiziere leidenschaftlich gerne Yoga. Es bringt mich nach einem anstrengenden Tag zur Ruhe und schenkt meinem K\u00f6rper und Geist Flexibilit\u00e4t. Nach \u00fcber acht Jahren Yoga-Praxis bei verschiedenen Lehrenden habe ich mich im Fr\u00fchling 2023 entschieden, mit einer vierj\u00e4hrigen Yogaausbildung anzufangen.<\/p>\n<\/div>\n<\/div>\n\n\n\n<div class=\"wp-block-group\"><div class=\"wp-block-group__inner-container is-layout-constrained wp-block-group-is-layout-constrained\">\n<figure style=\"font-size:20px\" class=\"wp-block-table\"><table><tbody><tr><td><strong>Oktober 2025<\/strong><\/td><td>Seminar  &#8222;Vom Umgang des Yoga mit Angst und anderen schwierigen Gef\u00fchlen&#8220; bei Anna Tr\u00f6kes<\/td><\/tr><tr><td><strong>September 2025<\/strong><\/td><td>Modul Yogarelevante Pathologie mit Pr\u00fcfung abgeschlossen<\/td><\/tr><tr><td><strong>Mai 2025<\/strong><\/td><td>Modul Medizinische Grundlagen mit Pr\u00fcfung abgeschlossen<\/td><\/tr><tr><td><strong>Oktober bis November 2024<\/strong><\/td><td>Ausbildung zur zertifizierten ENDOYOGA<sup>\u00ae<\/sup>&#8211; Lehrerin bei Nina Dorena Pabst \u2013 Yogaraum Br\u00fchl<\/td><\/tr><tr><td><strong>August 2023<\/strong><\/td><td>Start 4-j\u00e4hrige Ausbildung zur Dipl. Yogalehrerin YCH, TAPASYOGA Ausbildungsschule Bern<\/td><\/tr><\/tbody><\/table><\/figure>\n<\/div><\/div>\n\n\n\n<figure class=\"wp-block-image size-full is-style-default\"><img loading=\"lazy\" decoding=\"async\" width=\"240\" height=\"311\" src=\"https:\/\/katjayoga-sh.ch\/wp-content\/uploads\/2025\/09\/YCH_LABEL_Student_XS_RGB.png\" alt=\"\" class=\"wp-image-704\" srcset=\"https:\/\/katjayoga-sh.ch\/wp-content\/uploads\/2025\/09\/YCH_LABEL_Student_XS_RGB.png 240w, https:\/\/katjayoga-sh.ch\/wp-content\/uploads\/2025\/09\/YCH_LABEL_Student_XS_RGB-232x300.png 232w\" sizes=\"auto, (max-width: 240px) 100vw, 240px\" \/><\/figure>\n","protected":false},"excerpt":{"rendered":"<p>Mein Yogaweg Ich bin Katja und ich praktiziere leidenschaftlich gerne Yoga. Es bringt mich nach einem anstrengenden Tag zur Ruhe und schenkt meinem K\u00f6rper und Geist Flexibilit\u00e4t. Nach \u00fcber acht&#8230;<\/p>\n","protected":false},"author":1,"featured_media":0,"parent":0,"menu_order":0,"comment_status":"closed","ping_status":"closed","template":"","meta":{"_EventAllDay":false,"_EventTimezone":"","_EventStartDate":"","_EventEndDate":"","_EventStartDateUTC":"","_EventEndDateUTC":"","_EventShowMap":false,"_EventShowMapLink":false,"_EventURL":"","_EventCost":"","_EventCostDescription":"","_EventCurrencySymbol":"","_EventCurrencyCode":"","_EventCurrencyPosition":"","_EventDateTimeSeparator":"","_EventTimeRangeSeparator":"","_EventOrganizerID":[],"_EventVenueID":[],"_OrganizerEmail":"","_OrganizerPhone":"","_OrganizerWebsite":"","_VenueAddress":"","_VenueCity":"","_VenueCountry":"","_VenueProvince":"","_VenueState":"","_VenueZip":"","_VenuePhone":"","_VenueURL":"","_VenueStateProvince":"","_VenueLat":"","_VenueLng":"","_VenueShowMap":false,"_VenueShowMapLink":false,"_kadence_starter_templates_imported_post":false,"_kad_post_transparent":"","_kad_post_title":"","_kad_post_layout":"","_kad_post_sidebar_id":"","_kad_post_content_style":"","_kad_post_vertical_padding":"","_kad_post_feature":"","_kad_post_feature_position":"","_kad_post_header":false,"_kad_post_footer":false,"_kad_post_classname":"","footnotes":""},"class_list":["post-565","page","type-page","status-publish","hentry"],"_links":{"self":[{"href":"https:\/\/katjayoga-sh.ch\/index.php?rest_route=\/wp\/v2\/pages\/565","targetHints":{"allow":["GET"]}}],"collection":[{"href":"https:\/\/katjayoga-sh.ch\/index.php?rest_route=\/wp\/v2\/pages"}],"about":[{"href":"https:\/\/katjayoga-sh.ch\/index.php?rest_route=\/wp\/v2\/types\/page"}],"author":[{"embeddable":true,"href":"https:\/\/katjayoga-sh.ch\/index.php?rest_route=\/wp\/v2\/users\/1"}],"replies":[{"embeddable":true,"href":"https:\/\/katjayoga-sh.ch\/index.php?rest_route=%2Fwp%2Fv2%2Fcomments&post=565"}],"version-history":[{"count":21,"href":"https:\/\/katjayoga-sh.ch\/index.php?rest_route=\/wp\/v2\/pages\/565\/revisions"}],"predecessor-version":[{"id":735,"href":"https:\/\/katjayoga-sh.ch\/index.php?rest_route=\/wp\/v2\/pages\/565\/revisions\/735"}],"wp:attachment":[{"href":"https:\/\/katjayoga-sh.ch\/index.php?rest_route=%2Fwp%2Fv2%2Fmedia&parent=565"}],"curies":[{"name":"wp","href":"https:\/\/api.w.org\/{rel}","templated":true}]}}